{"id":3,"date":"2025-12-04T07:43:31","date_gmt":"2025-12-04T07:43:31","guid":{"rendered":"https:\/\/websumisura.com\/wp\/?page_id=3"},"modified":"2025-12-31T15:56:47","modified_gmt":"2025-12-31T14:56:47","slug":"privacy-policy","status":"publish","type":"page","link":"https:\/\/marinalucci.it\/index.php\/privacy-policy\/","title":{"rendered":"Privacy Policy"},"content":{"rendered":"<p><div class=\"fusion-fullwidth fullwidth-box fusion-builder-row-1 fusion-flex-container nonhundred-percent-fullwidth non-hundred-percent-height-scrolling\" style=\"--awb-border-radius-top-left:0px;--awb-border-radius-top-right:0px;--awb-border-radius-bottom-right:0px;--awb-border-radius-bottom-left:0px;--awb-flex-wrap:wrap;\" ><div class=\"fusion-builder-row fusion-row fusion-flex-align-items-flex-start fusion-flex-content-wrap\" style=\"max-width:1144px;margin-left: calc(-4% \/ 2 );margin-right: calc(-4% \/ 2 );\"><div class=\"fusion-layout-column fusion_builder_column fusion-builder-column-0 fusion_builder_column_1_1 1_1 fusion-flex-column\" style=\"--awb-bg-size:cover;--awb-width-large:100%;--awb-margin-top-large:0px;--awb-spacing-right-large:1.92%;--awb-margin-bottom-large:0px;--awb-spacing-left-large:1.92%;--awb-width-medium:100%;--awb-spacing-right-medium:1.92%;--awb-spacing-left-medium:1.92%;--awb-width-small:100%;--awb-spacing-right-small:1.92%;--awb-spacing-left-small:1.92%;\"><div class=\"fusion-column-wrapper fusion-flex-justify-content-flex-start fusion-content-layout-column\"><div class=\"fusion-text fusion-text-1\"><h2 class=\"wp-block-heading\" data-start=\"471\" data-end=\"491\"><strong data-start=\"473\" data-end=\"491\">Consenso Informato<\/strong><\/h2>\n<p>Dichiaro di essere stato\/a informato\/a che la Dott.ssa Marina Lucci, BFRP e BFRAP, iscritta al Registro Internazionale della Dr. Edward Bach Foundation (n. ITA-2023-1218M), svolge attivit\u00e0 di consulenza nell\u2019ambito dei Fiori di Bach, secondo il Metodo originale del Dott. Edward Bach, con l\u2019obiettivo di favorire e promuovere il benessere emotivo della persona e degli animali.<br \/>Sono stato\/a informato\/a che la Dott.ssa Marina Lucci non \u00e8 un medico n\u00e9 uno psicologo e che le consulenze proposte non costituiscono diagnosi, terapie mediche o psicologiche, n\u00e9 sostituiscono in alcun modo il parere o il trattamento di professionisti sanitari abilitati.<br \/>Sono consapevole che:<br \/>\u2022 i consigli relativi ai Fiori di Bach non sono prescrizioni mediche;<br \/>\u2022 le sessioni di Costellazioni Familiari e ThetaHealing\u00ae non equivalgono a cure mediche, psicologiche o psicoterapeutiche;<br \/>\u2022 durante le consulenze non vengono effettuate diagnosi, n\u00e9 prescritti farmaci, test o trattamenti riservati alla professione medica o psicologica.<br \/>Dichiaro inoltre di essere consapevole che alla Dott.ssa Marina Lucci non possono essere richieste diagnosi o terapie di competenza medica o psicologica.<br \/>Confermo di aver letto e compreso il presente consenso informato e di accettarne i contenuti.<\/p>\n<p>Trattamento dei dati personali<br \/>Ai sensi dell\u2019art. 13 del Regolamento UE 2016\/679 (GDPR) e del D.Lgs. 196\/2003, dichiaro di essere informato\/a che i miei dati personali saranno trattati dalla Dott.ssa Marina Lucci, in qualit\u00e0 di titolare del trattamento, nel rispetto dei principi di correttezza, liceit\u00e0, trasparenza e tutela della riservatezza.<br \/>I dati raccolti saranno utilizzati esclusivamente per finalit\u00e0 amministrative, fiscali e organizzative connesse all\u2019attivit\u00e0 di consulenza, e conservati in modalit\u00e0 protetta su dispositivi ad accesso riservato. Nessun soggetto terzo avr\u00e0 accesso ai dati, salvo obblighi di legge.<br \/>Sono inoltre informato\/a che le sessioni di consulenza non verranno registrate, salvo mia esplicita richiesta.<\/p>\n<h2 data-start=\"471\" data-end=\"491\"><strong data-start=\"473\" data-end=\"491\">Privacy Policy<\/strong><\/h2>\n<p data-start=\"493\" data-end=\"693\">Ai sensi dell\u2019art. 13 del Regolamento UE 2016\/679 (GDPR), la presente informativa descrive le modalit\u00e0 di trattamento dei dati personali degli utenti che consultano il sito web <strong data-start=\"670\" data-end=\"692\"><a class=\"decorated-link\" href=\"http:\/\/www.marinalucci.it\" target=\"_new\" rel=\"noopener\" data-start=\"672\" data-end=\"690\">www.marinalucci.it<\/a><\/strong>.<\/p>\n<hr data-start=\"695\" data-end=\"698\" \/>\n<h3 data-start=\"700\" data-end=\"740\"><strong data-start=\"703\" data-end=\"740\">Titolare del Trattamento dei Dati<\/strong><\/h3>\n<p data-start=\"742\" data-end=\"826\"><strong data-start=\"742\" data-end=\"758\">Marina Lucci<\/strong><br data-start=\"758\" data-end=\"761\" \/>Via Torino 66, 20123 Milano (MI)<br data-start=\"793\" data-end=\"796\" \/>Email: <strong data-start=\"803\" data-end=\"826\"><a class=\"decorated-link cursor-pointer\" rel=\"noopener\" data-start=\"805\" data-end=\"824\">info@marinalucci.it<\/a><\/strong><\/p>\n<hr data-start=\"828\" data-end=\"831\" \/>\n<h3 data-start=\"833\" data-end=\"857\"><strong data-start=\"836\" data-end=\"857\">Tipologia di sito<\/strong><\/h3>\n<p data-start=\"858\" data-end=\"1080\">Il sito <strong data-start=\"866\" data-end=\"888\"><a class=\"decorated-link\" href=\"http:\/\/www.marinalucci.it\" target=\"_new\" rel=\"noopener\" data-start=\"868\" data-end=\"886\">www.marinalucci.it<\/a><\/strong> \u00e8 un <strong data-start=\"894\" data-end=\"922\">sito vetrina informativo<\/strong> che consente la <strong data-start=\"939\" data-end=\"981\">prenotazione di consulenze individuali<\/strong> tramite piattaforma esterna (Calendly).<br data-start=\"1021\" data-end=\"1024\" \/>Non \u00e8 presente alcuna attivit\u00e0 di commercio elettronico.<\/p>\n<hr data-start=\"1082\" data-end=\"1085\" \/>\n<h3 data-start=\"1087\" data-end=\"1120\"><strong data-start=\"1090\" data-end=\"1120\">Tipologie di dati trattati<\/strong><\/h3>\n<h4 data-start=\"1122\" data-end=\"1173\"><strong data-start=\"1126\" data-end=\"1173\">1. Dati forniti volontariamente dall\u2019utente<\/strong><\/h4>\n<p data-start=\"1174\" data-end=\"1275\">Attraverso il modulo presente nella pagina \u201cContattami\u201d, il sito raccoglie i seguenti dati personali:<\/p>\n<ul data-start=\"1276\" data-end=\"1339\">\n<li data-start=\"1276\" data-end=\"1284\">\n<p data-start=\"1278\" data-end=\"1284\">Nome<\/p>\n<\/li>\n<li data-start=\"1285\" data-end=\"1296\">\n<p data-start=\"1287\" data-end=\"1296\">Cognome<\/p>\n<\/li>\n<li data-start=\"1297\" data-end=\"1316\">\n<p data-start=\"1299\" data-end=\"1316\">Indirizzo email<\/p>\n<\/li>\n<li data-start=\"1317\" data-end=\"1339\">\n<p data-start=\"1319\" data-end=\"1339\">Numero di telefono<\/p>\n<\/li>\n<\/ul>\n<p data-start=\"1341\" data-end=\"1443\">I dati vengono inseriti volontariamente dall\u2019utente per richiedere informazioni o essere ricontattato.<\/p>\n<hr data-start=\"1445\" data-end=\"1448\" \/>\n<h4 data-start=\"1450\" data-end=\"1494\"><strong data-start=\"1454\" data-end=\"1494\">2. Dati di utilizzo e log del server<\/strong><\/h4>\n<p data-start=\"1495\" data-end=\"1594\">Durante la navigazione del sito possono essere raccolti automaticamente alcuni dati tecnici, quali:<\/p>\n<ul data-start=\"1595\" data-end=\"1686\">\n<li data-start=\"1595\" data-end=\"1611\">\n<p data-start=\"1597\" data-end=\"1611\">indirizzo IP<\/p>\n<\/li>\n<li data-start=\"1612\" data-end=\"1645\">\n<p data-start=\"1614\" data-end=\"1645\">tipo di browser e dispositivo<\/p>\n<\/li>\n<li data-start=\"1646\" data-end=\"1666\">\n<p data-start=\"1648\" data-end=\"1666\">orari di accesso<\/p>\n<\/li>\n<li data-start=\"1667\" data-end=\"1686\">\n<p data-start=\"1669\" data-end=\"1686\">pagine visitate<\/p>\n<\/li>\n<\/ul>\n<p data-start=\"1688\" data-end=\"1870\">Tali dati sono trattati esclusivamente per finalit\u00e0 di <strong data-start=\"1743\" data-end=\"1756\">sicurezza<\/strong>, <strong data-start=\"1758\" data-end=\"1787\">gestione tecnica del sito<\/strong> e <strong data-start=\"1790\" data-end=\"1814\">prevenzione di abusi<\/strong>, e non vengono utilizzati per attivit\u00e0 di profilazione.<\/p>\n<hr data-start=\"1872\" data-end=\"1875\" \/>\n<h4 data-start=\"1877\" data-end=\"1947\"><strong data-start=\"1881\" data-end=\"1947\">3. Dati relativi alla prenotazione delle consulenze (Calendly)<\/strong><\/h4>\n<p data-start=\"1948\" data-end=\"2042\">La prenotazione delle consulenze avviene tramite <strong data-start=\"1997\" data-end=\"2009\">Calendly<\/strong>, servizio di scheduling esterno.<\/p>\n<p data-start=\"2044\" data-end=\"2256\">I dati inseriti dall\u2019utente durante la prenotazione (es. nome, email, eventuali note) vengono trattati direttamente da Calendly in qualit\u00e0 di <strong data-start=\"2186\" data-end=\"2223\">Titolare autonomo del trattamento<\/strong>, secondo la propria informativa.<\/p>\n<p data-start=\"2258\" data-end=\"2316\">Privacy Policy Calendly:<br data-start=\"2285\" data-end=\"2288\" \/><a class=\"decorated-link\" href=\"https:\/\/calendly.com\/privacy\" target=\"_new\" rel=\"noopener\" data-start=\"2288\" data-end=\"2316\">https:\/\/calendly.com\/privacy<\/a><\/p>\n<hr data-start=\"2318\" data-end=\"2321\" \/>\n<h3 data-start=\"2323\" data-end=\"2354\"><strong data-start=\"2326\" data-end=\"2354\">Finalit\u00e0 del trattamento<\/strong><\/h3>\n<p data-start=\"2355\" data-end=\"2411\">I dati personali sono trattati per le seguenti finalit\u00e0:<\/p>\n<ul data-start=\"2412\" data-end=\"2650\">\n<li data-start=\"2412\" data-end=\"2465\">\n<p data-start=\"2414\" data-end=\"2465\">rispondere a richieste di contatto e informazioni<\/p>\n<\/li>\n<li data-start=\"2466\" data-end=\"2504\">\n<p data-start=\"2468\" data-end=\"2504\">gestire comunicazioni con l\u2019utente<\/p>\n<\/li>\n<li data-start=\"2505\" data-end=\"2552\">\n<p data-start=\"2507\" data-end=\"2552\">consentire la prenotazione delle consulenze<\/p>\n<\/li>\n<li data-start=\"2553\" data-end=\"2586\">\n<p data-start=\"2555\" data-end=\"2586\">adempiere a obblighi di legge<\/p>\n<\/li>\n<li data-start=\"2587\" data-end=\"2650\">\n<p data-start=\"2589\" data-end=\"2650\">garantire la sicurezza e il corretto funzionamento del sito<\/p>\n<\/li>\n<\/ul>\n<hr data-start=\"2652\" data-end=\"2655\" \/>\n<h3 data-start=\"2657\" data-end=\"2694\"><strong data-start=\"2660\" data-end=\"2694\">Base giuridica del trattamento<\/strong><\/h3>\n<p data-start=\"2695\" data-end=\"2741\">Il trattamento dei dati personali si fonda su:<\/p>\n<ul data-start=\"2742\" data-end=\"2956\">\n<li data-start=\"2742\" data-end=\"2778\">\n<p data-start=\"2744\" data-end=\"2778\">il <strong data-start=\"2747\" data-end=\"2776\">consenso dell\u2019interessato<\/strong><\/p>\n<\/li>\n<li data-start=\"2779\" data-end=\"2847\">\n<p data-start=\"2781\" data-end=\"2847\">l\u2019<strong data-start=\"2783\" data-end=\"2823\">esecuzione di misure precontrattuali<\/strong> richieste dall\u2019utente<\/p>\n<\/li>\n<li data-start=\"2848\" data-end=\"2888\">\n<p data-start=\"2850\" data-end=\"2888\">l\u2019adempimento di <strong data-start=\"2867\" data-end=\"2886\">obblighi legali<\/strong><\/p>\n<\/li>\n<li data-start=\"2889\" data-end=\"2956\">\n<p data-start=\"2891\" data-end=\"2956\">il <strong data-start=\"2894\" data-end=\"2930\">legittimo interesse del Titolare<\/strong> alla sicurezza del sito<\/p>\n<\/li>\n<\/ul>\n<hr data-start=\"2958\" data-end=\"2961\" \/>\n<h3 data-start=\"2963\" data-end=\"2993\"><strong data-start=\"2966\" data-end=\"2993\">Modalit\u00e0 di trattamento<\/strong><\/h3>\n<p data-start=\"2994\" data-end=\"3135\">Il trattamento dei dati avviene mediante strumenti informatici e telematici, nel rispetto dei principi di liceit\u00e0, correttezza e trasparenza.<\/p>\n<p data-start=\"3137\" data-end=\"3305\">I dati raccolti tramite il modulo contatti vengono <strong data-start=\"3188\" data-end=\"3241\">salvati nel database WordPress tramite Avada Form<\/strong> e sono accessibili esclusivamente dal Titolare del trattamento.<\/p>\n<p data-start=\"3307\" data-end=\"3426\">Sono adottate adeguate misure di sicurezza per prevenire accessi non autorizzati, perdita o utilizzo illecito dei dati.<\/p>\n<hr data-start=\"3428\" data-end=\"3431\" \/>\n<h3 data-start=\"3433\" data-end=\"3462\"><strong data-start=\"3436\" data-end=\"3462\">Conservazione dei dati<\/strong><\/h3>\n<p data-start=\"3463\" data-end=\"3499\">I dati personali vengono conservati:<\/p>\n<ul data-start=\"3500\" data-end=\"3704\">\n<li data-start=\"3500\" data-end=\"3567\">\n<p data-start=\"3502\" data-end=\"3567\">per il tempo necessario a rispondere alle richieste dell\u2019utente<\/p>\n<\/li>\n<li data-start=\"3568\" data-end=\"3635\">\n<p data-start=\"3570\" data-end=\"3635\">per la durata di eventuali rapporti informativi o professionali<\/p>\n<\/li>\n<li data-start=\"3636\" data-end=\"3704\">\n<p data-start=\"3638\" data-end=\"3704\">per il periodo previsto dalla normativa vigente, ove applicabile<\/p>\n<\/li>\n<\/ul>\n<p data-start=\"3706\" data-end=\"3791\">In assenza di ulteriori obblighi, i dati verranno cancellati entro tempi ragionevoli.<\/p>\n<hr data-start=\"3793\" data-end=\"3796\" \/>\n<h3 data-start=\"3798\" data-end=\"3840\"><strong data-start=\"3801\" data-end=\"3840\">Comunicazione e diffusione dei dati<\/strong><\/h3>\n<p data-start=\"3841\" data-end=\"3882\">I dati personali <strong data-start=\"3858\" data-end=\"3881\">non vengono diffusi<\/strong>.<\/p>\n<p data-start=\"3884\" data-end=\"3963\">Potranno essere comunicati a soggetti esterni esclusivamente nei seguenti casi:<\/p>\n<ul data-start=\"3964\" data-end=\"4089\">\n<li data-start=\"3964\" data-end=\"4000\">\n<p data-start=\"3966\" data-end=\"4000\">adempimento di obblighi di legge<\/p>\n<\/li>\n<li data-start=\"4001\" data-end=\"4034\">\n<p data-start=\"4003\" data-end=\"4034\">gestione tecnica del sito web<\/p>\n<\/li>\n<li data-start=\"4035\" data-end=\"4089\">\n<p data-start=\"4037\" data-end=\"4089\">utilizzo di servizi esterni collegati (es. Calendly)<\/p>\n<\/li>\n<\/ul>\n<hr data-start=\"4091\" data-end=\"4094\" \/>\n<h3 data-start=\"4096\" data-end=\"4143\"><strong data-start=\"4099\" data-end=\"4143\">Trasferimento dei dati verso Paesi terzi<\/strong><\/h3>\n<p data-start=\"4144\" data-end=\"4313\">L\u2019utilizzo di servizi esterni (come Calendly e piattaforme social) pu\u00f2 comportare il trasferimento di dati personali verso Paesi situati al di fuori dell\u2019Unione Europea.<\/p>\n<p data-start=\"4315\" data-end=\"4460\">Tali trasferimenti avvengono nel rispetto delle garanzie previste dal GDPR, attraverso decisioni di adeguatezza o clausole contrattuali standard.<\/p>\n<hr data-start=\"4462\" data-end=\"4465\" \/>\n<h3 data-start=\"4467\" data-end=\"4513\"><strong data-start=\"4470\" data-end=\"4513\">Link a social network e servizi esterni<\/strong><\/h3>\n<p data-start=\"4514\" data-end=\"4580\">Il sito contiene collegamenti (icone) a piattaforme esterne quali:<\/p>\n<ul data-start=\"4581\" data-end=\"4632\">\n<li data-start=\"4581\" data-end=\"4593\">\n<p data-start=\"4583\" data-end=\"4593\">WhatsApp<\/p>\n<\/li>\n<li data-start=\"4594\" data-end=\"4606\">\n<p data-start=\"4596\" data-end=\"4606\">LinkedIn<\/p>\n<\/li>\n<li data-start=\"4607\" data-end=\"4620\">\n<p data-start=\"4609\" data-end=\"4620\">Instagram<\/p>\n<\/li>\n<li data-start=\"4621\" data-end=\"4632\">\n<p data-start=\"4623\" data-end=\"4632\">YouTube<\/p>\n<\/li>\n<\/ul>\n<p data-start=\"4634\" data-end=\"4773\">Cliccando su tali link, l\u2019utente viene reindirizzato a siti gestiti da terze parti, che operano come <strong data-start=\"4735\" data-end=\"4772\">Titolari autonomi del trattamento<\/strong>.<\/p>\n<p data-start=\"4775\" data-end=\"4871\">Il Titolare del sito non \u00e8 responsabile del trattamento dei dati effettuato da tali piattaforme.<\/p>\n<hr data-start=\"4873\" data-end=\"4876\" \/>\n<h3 data-start=\"4878\" data-end=\"4909\"><strong data-start=\"4881\" data-end=\"4909\">Diritti dell\u2019interessato<\/strong><\/h3>\n<p data-start=\"4910\" data-end=\"4976\">Ai sensi degli articoli 15\u201322 del GDPR, l\u2019utente ha il diritto di:<\/p>\n<ul data-start=\"4977\" data-end=\"5265\">\n<li data-start=\"4977\" data-end=\"5014\">\n<p data-start=\"4979\" data-end=\"5014\">accedere ai propri dati personali<\/p>\n<\/li>\n<li data-start=\"5015\" data-end=\"5062\">\n<p data-start=\"5017\" data-end=\"5062\">richiederne la rettifica o la cancellazione<\/p>\n<\/li>\n<li data-start=\"5063\" data-end=\"5101\">\n<p data-start=\"5065\" data-end=\"5101\">limitarne o opporsi al trattamento<\/p>\n<\/li>\n<li data-start=\"5102\" data-end=\"5140\">\n<p data-start=\"5104\" data-end=\"5140\">richiedere la portabilit\u00e0 dei dati<\/p>\n<\/li>\n<li data-start=\"5141\" data-end=\"5186\">\n<p data-start=\"5143\" data-end=\"5186\">revocare il consenso in qualsiasi momento<\/p>\n<\/li>\n<li data-start=\"5187\" data-end=\"5265\">\n<p data-start=\"5189\" data-end=\"5265\">proporre reclamo all\u2019Autorit\u00e0 Garante per la protezione dei dati personali<\/p>\n<\/li>\n<\/ul>\n<p data-start=\"5267\" data-end=\"5329\">Le richieste possono essere inviate a: <strong data-start=\"5306\" data-end=\"5329\"><a class=\"decorated-link cursor-pointer\" rel=\"noopener\" data-start=\"5308\" data-end=\"5327\">info@marinalucci.it<\/a><\/strong><\/p>\n<hr data-start=\"5331\" data-end=\"5334\" \/>\n<h3 data-start=\"5336\" data-end=\"5361\"><strong data-start=\"5339\" data-end=\"5361\">Difesa in giudizio<\/strong><\/h3>\n<p data-start=\"5362\" data-end=\"5515\">I dati personali dell\u2019utente possono essere utilizzati dal Titolare per la difesa in giudizio o nelle fasi preparatorie alla sua eventuale instaurazione.<\/p>\n<hr data-start=\"5517\" data-end=\"5520\" \/>\n<h3 data-start=\"5522\" data-end=\"5564\"><strong data-start=\"5525\" data-end=\"5564\">Modifiche alla presente informativa<\/strong><\/h3>\n<p data-start=\"5565\" data-end=\"5724\">Il Titolare si riserva il diritto di apportare modifiche alla presente Privacy Policy in qualsiasi momento.<br data-start=\"5672\" data-end=\"5675\" \/>Le modifiche saranno pubblicate su questa pagina.<\/p>\n<hr data-start=\"5726\" data-end=\"5729\" \/>\n<h3 data-start=\"5731\" data-end=\"5759\"><strong data-start=\"5734\" data-end=\"5759\">Riferimenti normativi<\/strong><\/h3>\n<p data-start=\"5760\" data-end=\"5838\">La presente informativa \u00e8 redatta ai sensi del Regolamento UE 2016\/679 (GDPR).<\/p>\n<p data-start=\"5760\" data-end=\"5838\">\u00a0<\/p>\n<p>&nbsp;<\/p>\n<p>&nbsp;<\/p>\n<p>&nbsp;<\/p>\n<\/div><\/div><\/div><\/div><\/div><div class=\"fusion-bg-parallax\" data-bg-align=\"center center\" data-direction=\"right\" data-mute=\"false\" data-opacity=\"100\" data-velocity=\"-0.8\" data-mobile-enabled=\"false\" data-break_parents=\"0\" data-bg-image=\"https:\/\/marinalucci.it\/wp-content\/uploads\/2025\/12\/appuntamento.jpg\" data-bg-repeat=\"false\" ><\/div><div class=\"fusion-fullwidth fullwidth-box fusion-builder-row-2 fusion-flex-container has-pattern-background has-mask-background fusion-parallax-right nonhundred-percent-fullwidth non-hundred-percent-height-scrolling lazyload\" style=\"--awb-border-radius-top-left:0px;--awb-border-radius-top-right:0px;--awb-border-radius-bottom-right:0px;--awb-border-radius-bottom-left:0px;--awb-padding-top:80px;--awb-padding-bottom:100px;--awb-background-size:cover;--awb-flex-wrap:wrap;\" data-bg=\"https:\/\/marinalucci.it\/wp-content\/uploads\/2025\/12\/appuntamento.jpg\" ><div class=\"fusion-builder-row fusion-row fusion-flex-align-items-flex-start fusion-flex-content-wrap\" style=\"max-width:calc( 1100px + 0px );margin-left: calc(-0px \/ 2 );margin-right: calc(-0px \/ 2 );\"><div class=\"fusion-layout-column fusion_builder_column fusion-builder-column-1 fusion_builder_column_1_1 1_1 fusion-flex-column\" style=\"--awb-bg-blend:overlay;--awb-bg-size:cover;--awb-width-large:100%;--awb-margin-top-large:3%;--awb-spacing-right-large:0px;--awb-margin-bottom-large:3%;--awb-spacing-left-large:0px;--awb-width-medium:100%;--awb-spacing-right-medium:0px;--awb-spacing-left-medium:0px;--awb-width-small:100%;--awb-spacing-right-small:0px;--awb-spacing-left-small:0px;\"><div class=\"fusion-column-wrapper fusion-flex-justify-content-flex-start fusion-content-layout-column\"><div class=\"fusion-title title fusion-title-1 fusion-no-small-visibility fusion-title-center fusion-title-text fusion-title-size-two\" style=\"--awb-text-color:var(--awb-color1);--awb-margin-top:30px;--awb-margin-top-small:0px;--awb-margin-right-small:0px;--awb-margin-bottom-small:20px;--awb-margin-left-small:0px;--awb-font-size:90px;\"><div class=\"title-sep-container title-sep-container-left\"><div class=\"title-sep sep- sep-solid\" style=\"border-color:var(--awb-color3);\"><\/div><\/div><span class=\"awb-title-spacer\"><\/span><h2 class=\"fusion-title-heading title-heading-center\" style=\"margin:0;font-size:1em;\">Riparti da te!<\/h2><span class=\"awb-title-spacer\"><\/span><div class=\"title-sep-container title-sep-container-right\"><div class=\"title-sep sep- sep-solid\" style=\"border-color:var(--awb-color3);\"><\/div><\/div><\/div><div class=\"fusion-title title fusion-title-2 fusion-no-medium-visibility fusion-no-large-visibility fusion-title-center fusion-title-text fusion-title-size-two\" style=\"--awb-text-color:var(--awb-color1);--awb-margin-top:30px;--awb-margin-top-small:0px;--awb-margin-right-small:0px;--awb-margin-bottom-small:20px;--awb-margin-left-small:0px;--awb-font-size:50px;\"><div class=\"title-sep-container title-sep-container-left\"><div class=\"title-sep sep- sep-solid\" style=\"border-color:var(--awb-color3);\"><\/div><\/div><span class=\"awb-title-spacer\"><\/span><h2 class=\"fusion-title-heading title-heading-center\" style=\"margin:0;font-size:1em;\">Riparti da te!<\/h2><span class=\"awb-title-spacer\"><\/span><div class=\"title-sep-container title-sep-container-right\"><div class=\"title-sep sep- sep-solid\" style=\"border-color:var(--awb-color3);\"><\/div><\/div><\/div><div class=\"fusion-separator fusion-full-width-sep\" style=\"align-self: center;margin-left: auto;margin-right: auto;margin-top:15px;width:100%;\"><\/div><div style=\"text-align:center;\"><a class=\"fusion-button button-flat fusion-button-default-size button-custom fusion-button-default button-1 fusion-button-default-span fusion-button-default-type\" style=\"--button_accent_color:var(--awb-color1);--button_accent_hover_color:var(--awb-color5);--button_border_hover_color:var(--awb-color5);--button_gradient_top_color:var(--awb-color4);--button_gradient_bottom_color:var(--awb-color4);--button_gradient_top_color_hover:var(--awb-color1);--button_gradient_bottom_color_hover:var(--awb-color1);\" target=\"_self\" href=\"https:\/\/marinalucci.it\/index.php\/contattami\/\"><i class=\"dentist-plus awb-button__icon awb-button__icon--default button-icon-left\" aria-hidden=\"true\"><\/i><span class=\"fusion-button-text awb-button__text awb-button__text--default\">Contattami<\/span><\/a><\/div><\/div><\/div><\/div><\/div><\/p>","protected":false},"excerpt":{"rendered":"","protected":false},"author":1,"featured_media":0,"parent":0,"menu_order":0,"comment_status":"closed","ping_status":"closed","template":"100-width.php","meta":{"footnotes":""},"class_list":["post-3","page","type-page","status-publish","hentry"],"_links":{"self":[{"href":"https:\/\/marinalucci.it\/index.php\/wp-json\/wp\/v2\/pages\/3","targetHints":{"allow":["GET"]}}],"collection":[{"href":"https:\/\/marinalucci.it\/index.php\/wp-json\/wp\/v2\/pages"}],"about":[{"href":"https:\/\/marinalucci.it\/index.php\/wp-json\/wp\/v2\/types\/page"}],"author":[{"embeddable":true,"href":"https:\/\/marinalucci.it\/index.php\/wp-json\/wp\/v2\/users\/1"}],"replies":[{"embeddable":true,"href":"https:\/\/marinalucci.it\/index.php\/wp-json\/wp\/v2\/comments?post=3"}],"version-history":[{"count":7,"href":"https:\/\/marinalucci.it\/index.php\/wp-json\/wp\/v2\/pages\/3\/revisions"}],"predecessor-version":[{"id":1340,"href":"https:\/\/marinalucci.it\/index.php\/wp-json\/wp\/v2\/pages\/3\/revisions\/1340"}],"wp:attachment":[{"href":"https:\/\/marinalucci.it\/index.php\/wp-json\/wp\/v2\/media?parent=3"}],"curies":[{"name":"wp","href":"https:\/\/api.w.org\/{rel}","templated":true}]}}